{"id":2153,"date":"2016-04-07T13:54:17","date_gmt":"2016-04-07T10:54:17","guid":{"rendered":"http:\/\/zaffaretco.fr\/?page_id=2153"},"modified":"2017-01-27T01:27:59","modified_gmt":"2017-01-26T22:27:59","slug":"seche-mains-a-air-pulse","status":"publish","type":"page","link":"https:\/\/zaffaretco.fr\/index.php\/seche-mains-a-air-pulse\/","title":{"rendered":"S\u00e8che-mains \u00e0 air puls\u00e9"},"content":{"rendered":"<section  class='av_textblock_section av-av_textblock-0366cc7376be6c9e82a3e9cc8987b64f '   itemscope=\"itemscope\" itemtype=\"https:\/\/schema.org\/CreativeWork\" ><div class='avia_textblock'  itemprop=\"text\" ><h2 style=\"text-align: center;\"><strong>SECHE-MAINS A AIR PULSE<br \/>\nMDF 8870<\/strong><\/h2>\n<\/div><\/section>\n\n<style type=\"text\/css\" data-created_by=\"avia_inline_auto\" id=\"style-css-av-av_one_half-9497bbf8bff73ea4c6992cc17fa9ec36\">\n.flex_column.av-av_one_half-9497bbf8bff73ea4c6992cc17fa9ec36{\nborder-radius:0px 0px 0px 0px;\npadding:0px 0px 0px 0px;\n}\n<\/style>\n<div  class='flex_column av-av_one_half-9497bbf8bff73ea4c6992cc17fa9ec36 av_one_half  avia-builder-el-1  el_after_av_textblock  el_before_av_one_half  first flex_column_div av-zero-column-padding  column-top-margin'     ><style type=\"text\/css\" data-created_by=\"avia_inline_auto\" id=\"style-css-av-av_image-f5d1d0c30ab3240d5357b31b23393449\">\n.avia-image-container.av-av_image-f5d1d0c30ab3240d5357b31b23393449 img.avia_image{\nbox-shadow:none;\n}\n.avia-image-container.av-av_image-f5d1d0c30ab3240d5357b31b23393449 .av-image-caption-overlay-center{\ncolor:#ffffff;\n}\n<\/style>\n<div  class='avia-image-container av-av_image-f5d1d0c30ab3240d5357b31b23393449 av-styling- av-hover-grow avia_animated_image av-animated-when-visible-95 pop-up avia-align-right  avia-builder-el-2  avia-builder-el-no-sibling '   itemprop=\"image\" itemscope=\"itemscope\" itemtype=\"https:\/\/schema.org\/ImageObject\" ><div class=\"avia-image-container-inner\"><div class=\"avia-image-overlay-wrap\"><img decoding=\"async\" fetchpriority=\"high\" class='wp-image-2317 avia-img-lazy-loading-not-2317 avia_image ' src=\"https:\/\/i0.wp.com\/zaffaretco.fr\/wp-content\/uploads\/2016\/04\/mdf8870.jpg?fit=348%2C383&ssl=1\" alt='' title='mdf8870'  height=\"383\" width=\"348\"  itemprop=\"thumbnailUrl\" srcset=\"https:\/\/i0.wp.com\/zaffaretco.fr\/wp-content\/uploads\/2016\/04\/mdf8870.jpg?w=348&amp;ssl=1 348w, https:\/\/i0.wp.com\/zaffaretco.fr\/wp-content\/uploads\/2016\/04\/mdf8870.jpg?resize=273%2C300&amp;ssl=1 273w\" sizes=\"(max-width: 348px) 100vw, 348px\" \/><\/div><\/div><\/div><\/div>\n\n<style type=\"text\/css\" data-created_by=\"avia_inline_auto\" id=\"style-css-av-av_one_half-9c1d454dc06f7247226bc4e8f931daae\">\n.flex_column.av-av_one_half-9c1d454dc06f7247226bc4e8f931daae{\nborder-radius:0px 0px 0px 0px;\npadding:0px 0px 0px 0px;\n}\n<\/style>\n<div  class='flex_column av-av_one_half-9c1d454dc06f7247226bc4e8f931daae av_one_half  avia-builder-el-3  el_after_av_one_half  el_before_av_hr  flex_column_div av-zero-column-padding  column-top-margin'     ><section  class='av_textblock_section av-av_textblock-0366cc7376be6c9e82a3e9cc8987b64f '   itemscope=\"itemscope\" itemtype=\"https:\/\/schema.org\/CreativeWork\" ><div class='avia_textblock'  itemprop=\"text\" ><p><strong>Nouvelle g\u00e9n\u00e9ration de s\u00e8che-mains \u00e0 air puls\u00e9 BI-DIRECTION<br \/>\n<\/strong><\/p>\n<p><strong><br \/>\nFonctionnement :\u00a0<\/strong>Mise en marche automatique par d\u00e9tection infrarouge sans contact avec l\u2019appareil<strong><br \/>\n<\/strong>Arr\u00eat automatique au retrait des mains ou apr\u00e8s 18 secondes de s\u00e9chage<\/p>\n<p><strong>Temps de s\u00e9chage :\u00a0 8 \u00e0 10 secondes<br \/>\nFiltre :\u00a0<\/strong>Filtre \u00e0 air antibact\u00e9rien et filtre \u00e0 charbon actif<br \/>\n<strong>Niveau sonore :\u00a0<\/strong>77 dbs<br \/>\n<strong>Puissance :<\/strong>\u00a02200 watts<\/p>\n<p><em>R\u00e9cup\u00e9rateur d&rsquo;eau amovible<\/em><\/p>\n<p><strong>Poids :<\/strong>\u00a08.5 kg<br \/>\n<strong>Dimensions :<\/strong>\u00a063 x 29 x 24 cm<\/p>\n<p><em><strong>Livraison, Installation et SAV\u00a0assur\u00e9 :<\/strong><em><strong><br \/>\n<\/strong><\/em>avec<strong>\u00a0<\/strong>une \u00e9quipe qui vous est totalement d\u00e9vou\u00e9e&#8230;<\/em><\/p>\n<table width=\"500\">\n<tbody>\n<tr>\n<td><strong>CARACT\u00c9RISTIQUES<\/strong><\/td>\n<td>\n<div class=\"page\" title=\"Page 1\">\n<div class=\"section\">\n<div class=\"layoutArea\">\n<div class=\"column\">\n<p style=\"text-align: center;\"><strong>MDF 8870<\/strong><\/p>\n<\/div>\n<\/div>\n<\/div>\n<\/div>\n<\/td>\n<\/tr>\n<tr>\n<td>\n<div class=\"page\" title=\"Page 1\">\n<div class=\"section\">\n<div class=\"layoutArea\">\n<div class=\"column\">\n<p>\u2022 Nouvelle g\u00e9n\u00e9ration\u00a0de s\u00e8che-mains<\/p>\n<\/div>\n<\/div>\n<\/div>\n<\/div>\n<\/td>\n<td style=\"text-align: center;\">\n<div class=\"page\" title=\"Page 1\">\n<div class=\"section\">\n<div class=\"layoutArea\">\n<div class=\"column\">\n<div class=\"page\" title=\"Page 1\">\n<div class=\"section\">\n<div class=\"layoutArea\">\n<div class=\"column\">\n<p>A air puls\u00e9 Bi-direction<\/p>\n<\/div>\n<\/div>\n<\/div>\n<\/div>\n<\/div>\n<\/div>\n<\/div>\n<\/div>\n<\/td>\n<\/tr>\n<tr>\n<td>\n<div class=\"page\" title=\"Page 1\">\n<div class=\"section\">\n<div class=\"layoutArea\">\n<div class=\"column\">\n<p>\u2022 Fonctionnement<\/p>\n<\/div>\n<\/div>\n<\/div>\n<\/div>\n<\/td>\n<td style=\"text-align: center;\">Mise\u00a0en marche automatique par d\u00e9tection infrarouge sans contact avec l\u2019appareil<\/td>\n<\/tr>\n<tr>\n<td><\/td>\n<td style=\"text-align: center;\">\n<div class=\"page\" title=\"Page 1\">\n<div class=\"section\">\n<div class=\"layoutArea\">\n<div class=\"column\">\n<p>Arr\u00eat automatique au retrait des mains ou apr\u00e8s 18 secondes de s\u00e9chage<\/p>\n<\/div>\n<\/div>\n<\/div>\n<\/div>\n<\/td>\n<\/tr>\n<tr>\n<td>\n<div class=\"page\" title=\"Page 1\">\n<div class=\"section\">\n<div class=\"layoutArea\">\n<div class=\"column\">\n<p>\u2022 Ecran LCD<\/p>\n<\/div>\n<\/div>\n<\/div>\n<\/div>\n<\/td>\n<td style=\"text-align: center;\">\n<div class=\"page\" title=\"Page 1\">\n<div class=\"section\">\n<div class=\"layoutArea\">\n<div class=\"column\">\n<p>Avec mode d\u2019emploi anim\u00e9<\/p>\n<\/div>\n<\/div>\n<\/div>\n<\/div>\n<\/td>\n<\/tr>\n<tr>\n<td>\n<div class=\"page\" title=\"Page 1\">\n<div class=\"section\">\n<div class=\"layoutArea\">\n<div class=\"column\">\n<p>\u2022 Temps de s\u00e9chage<\/p>\n<\/div>\n<\/div>\n<\/div>\n<\/div>\n<\/td>\n<td style=\"text-align: center;\">\n<div class=\"page\" title=\"Page 1\">\n<div class=\"section\">\n<div class=\"layoutArea\">\n<div class=\"column\">\n<p>Ultra rapide 8 \u00e0 10 secondes<\/p>\n<\/div>\n<\/div>\n<\/div>\n<\/div>\n<\/td>\n<\/tr>\n<tr>\n<td>\n<div class=\"page\" title=\"Page 1\">\n<div class=\"section\">\n<div class=\"layoutArea\">\n<div class=\"column\">\n<p>\u2022 R\u00e9cup\u00e9rateur d\u2019eau<\/p>\n<\/div>\n<\/div>\n<\/div>\n<\/div>\n<\/td>\n<td style=\"text-align: center;\">\n<div class=\"page\" title=\"Page 1\">\n<div class=\"section\">\n<div class=\"layoutArea\">\n<div class=\"column\">\n<p><strong>Amovible &#8211; emp\u00eachant tout \u00e9coulement sur le mur ou le sol : entretien et nettoyage facilit\u00e9<\/strong><\/p>\n<\/div>\n<\/div>\n<\/div>\n<\/div>\n<\/td>\n<\/tr>\n<tr>\n<td>\n<div class=\"page\" title=\"Page 1\">\n<div class=\"section\">\n<div class=\"layoutArea\">\n<div class=\"column\">\n<p>\u2022 Filtre<\/p>\n<\/div>\n<\/div>\n<\/div>\n<\/div>\n<\/td>\n<td style=\"text-align: center;\">\n<div class=\"page\" title=\"Page 1\">\n<div class=\"section\">\n<div class=\"layoutArea\">\n<div class=\"column\">\n<p>Filtre \u00e0 air antibact\u00e9rien et filtre \u00e0 charbon actif<\/p>\n<\/div>\n<\/div>\n<\/div>\n<\/div>\n<\/td>\n<\/tr>\n<tr>\n<td>\n<div class=\"page\" title=\"Page 1\">\n<div class=\"section\">\n<div class=\"layoutArea\">\n<div class=\"column\">\n<p>\u2022 D\u00e9bit d\u2019air<\/p>\n<\/div>\n<\/div>\n<\/div>\n<\/div>\n<\/td>\n<td style=\"text-align: center;\">\n<div class=\"page\" title=\"Page 1\">\n<div class=\"section\">\n<div class=\"layoutArea\">\n<div class=\"column\">\n<p>42 l\/s<\/p>\n<\/div>\n<\/div>\n<\/div>\n<\/div>\n<\/td>\n<\/tr>\n<tr>\n<td>\n<div class=\"page\" title=\"Page 1\">\n<div class=\"section\">\n<div class=\"layoutArea\">\n<div class=\"column\">\n<p>\u2022 Vitesse air<\/p>\n<\/div>\n<\/div>\n<\/div>\n<\/div>\n<\/td>\n<td style=\"text-align: center;\">\n<div class=\"page\" title=\"Page 1\">\n<div class=\"section\">\n<div class=\"layoutArea\">\n<div class=\"column\">\n<p>100M\/S<\/p>\n<\/div>\n<\/div>\n<\/div>\n<\/div>\n<\/td>\n<\/tr>\n<tr>\n<td>\n<div class=\"page\" title=\"Page 1\">\n<div class=\"section\">\n<div class=\"layoutArea\">\n<div class=\"column\">\n<p>\u2022 Niveau sonore<\/p>\n<\/div>\n<\/div>\n<\/div>\n<\/div>\n<\/td>\n<td style=\"text-align: center;\">\n<div class=\"page\" title=\"Page 1\">\n<div class=\"section\">\n<div class=\"layoutArea\">\n<div class=\"column\">\n<p>77 dBA<\/p>\n<\/div>\n<\/div>\n<\/div>\n<\/div>\n<\/td>\n<\/tr>\n<tr>\n<td>\n<div class=\"page\" title=\"Page 1\">\n<div class=\"section\">\n<div class=\"layoutArea\">\n<div class=\"column\">\n<p>\u2022 Classe<\/p>\n<\/div>\n<\/div>\n<\/div>\n<\/div>\n<\/td>\n<td style=\"text-align: center;\">\n<div class=\"page\" title=\"Page 1\">\n<div class=\"section\">\n<div class=\"layoutArea\">\n<div class=\"column\">\n<p><strong>\u00c9TANCH\u00c9IT\u00c9 &#8211; IPX1<\/strong><\/p>\n<\/div>\n<\/div>\n<\/div>\n<\/div>\n<\/td>\n<\/tr>\n<tr>\n<td>\n<div class=\"page\" title=\"Page 1\">\n<div class=\"section\">\n<div class=\"layoutArea\">\n<div class=\"column\">\n<p>\u2022 Norme<\/p>\n<\/div>\n<\/div>\n<\/div>\n<\/div>\n<\/td>\n<td style=\"text-align: center;\">\n<div class=\"page\" title=\"Page 1\">\n<div class=\"section\">\n<div class=\"layoutArea\">\n<div class=\"column\">\n<p>CE<\/p>\n<\/div>\n<\/div>\n<\/div>\n<\/div>\n<\/td>\n<\/tr>\n<tr>\n<td>\n<div class=\"page\" title=\"Page 1\">\n<div class=\"section\">\n<div class=\"layoutArea\">\n<div class=\"column\">\n<p>\u2022 Type de moteur<\/p>\n<\/div>\n<\/div>\n<\/div>\n<\/div>\n<\/td>\n<td style=\"text-align: center;\">\n<div class=\"page\" title=\"Page 1\">\n<div class=\"section\">\n<div class=\"layoutArea\">\n<div class=\"column\">\n<p>Brushless sans usure<\/p>\n<\/div>\n<\/div>\n<\/div>\n<\/div>\n<\/td>\n<\/tr>\n<tr>\n<td>\n<div class=\"page\" title=\"Page 1\">\n<div class=\"section\">\n<div class=\"layoutArea\">\n<div class=\"column\">\n<p>\u2022 Economie d\u2019\u00e9nergie<\/p>\n<\/div>\n<\/div>\n<\/div>\n<\/div>\n<\/td>\n<td style=\"text-align: center;\">\n<div class=\"page\" title=\"Page 1\">\n<div class=\"section\">\n<div class=\"layoutArea\">\n<div class=\"column\">\n<p>Puissance 850 W<\/p>\n<\/div>\n<\/div>\n<\/div>\n<\/div>\n<\/td>\n<\/tr>\n<tr>\n<td>\n<div class=\"page\" title=\"Page 1\">\n<div class=\"section\">\n<div class=\"layoutArea\">\n<div class=\"column\">\n<p>\u2022 Puissance nominale<\/p>\n<\/div>\n<\/div>\n<\/div>\n<\/div>\n<\/td>\n<td style=\"text-align: center;\">\n<div class=\"page\" title=\"Page 1\">\n<div class=\"section\">\n<div class=\"layoutArea\">\n<div class=\"column\">\n<p>2000 W<\/p>\n<\/div>\n<\/div>\n<\/div>\n<\/div>\n<\/td>\n<\/tr>\n<tr>\n<td>\n<div class=\"page\" title=\"Page 1\">\n<div class=\"section\">\n<div class=\"layoutArea\">\n<div class=\"column\">\n<p>\u2022 Tension secteur \/ Fr\u00e9quence d\u2019entr\u00e9e<\/p>\n<\/div>\n<\/div>\n<\/div>\n<\/div>\n<\/td>\n<td style=\"text-align: center;\">\n<div class=\"page\" title=\"Page 1\">\n<div class=\"section\">\n<div class=\"layoutArea\">\n<div class=\"column\">\n<p>220V\/50Hz<\/p>\n<\/div>\n<\/div>\n<\/div>\n<\/div>\n<\/td>\n<\/tr>\n<tr>\n<td>\n<div class=\"page\" title=\"Page 1\">\n<div class=\"section\">\n<div class=\"layoutArea\">\n<div class=\"column\">\n<p>\u2022 Mat\u00e9riaux de carrosserie<\/p>\n<\/div>\n<\/div>\n<\/div>\n<\/div>\n<\/td>\n<td style=\"text-align: center;\">\n<div class=\"page\" title=\"Page 1\">\n<div class=\"section\">\n<div class=\"layoutArea\">\n<div class=\"column\">\n<p>PVC ABS<\/p>\n<\/div>\n<\/div>\n<\/div>\n<\/div>\n<\/td>\n<\/tr>\n<tr>\n<td>\n<div class=\"page\" title=\"Page 1\">\n<div class=\"section\">\n<div class=\"layoutArea\">\n<div class=\"column\">\n<p>\u2022 Couleur<\/p>\n<\/div>\n<\/div>\n<\/div>\n<\/div>\n<\/td>\n<td style=\"text-align: center;\">\n<div class=\"page\" title=\"Page 1\">\n<div class=\"section\">\n<div class=\"layoutArea\">\n<div class=\"column\">\n<p>Gris m\u00e9tal<\/p>\n<\/div>\n<\/div>\n<\/div>\n<\/div>\n<\/td>\n<\/tr>\n<tr>\n<td>\n<div class=\"page\" title=\"Page 1\">\n<div class=\"section\">\n<div class=\"layoutArea\">\n<div class=\"column\">\n<p>\u2022 Dimensions<\/p>\n<\/div>\n<\/div>\n<\/div>\n<\/div>\n<\/td>\n<td style=\"text-align: center;\">\n<div class=\"page\" title=\"Page 1\">\n<div class=\"section\">\n<div class=\"layoutArea\">\n<div class=\"column\">\n<p>H 63 x L 29 x P 24 cm<\/p>\n<\/div>\n<\/div>\n<\/div>\n<\/div>\n<\/td>\n<\/tr>\n<tr>\n<td>\n<div class=\"page\" title=\"Page 1\">\n<div class=\"section\">\n<div class=\"layoutArea\">\n<div class=\"column\">\n<div class=\"page\" title=\"Page 1\">\n<div class=\"section\">\n<div class=\"layoutArea\">\n<div class=\"column\">\n<p><strong>\u2022 Poids<\/strong><\/p>\n<\/div>\n<\/div>\n<\/div>\n<\/div>\n<\/div>\n<\/div>\n<\/div>\n<\/div>\n<\/td>\n<td style=\"text-align: center;\">\n<div class=\"page\" title=\"Page 1\">\n<div class=\"section\">\n<div class=\"layoutArea\">\n<div class=\"column\">\n<p><strong>8,5 Kg<\/strong><\/p>\n<\/div>\n<\/div>\n<\/div>\n<\/div>\n<\/td>\n<\/tr>\n<\/tbody>\n<\/table>\n<\/div><\/section><\/div>\n\n<style type=\"text\/css\" data-created_by=\"avia_inline_auto\" id=\"style-css-av-av_hr-00444a7bb7bb7268297681ed877f508d\">\n#top .hr.hr-invisible.av-av_hr-00444a7bb7bb7268297681ed877f508d{\nheight:150px;\n}\n<\/style>\n<div  class='hr av-av_hr-00444a7bb7bb7268297681ed877f508d hr-invisible  avia-builder-el-5  el_after_av_one_half  el_before_av_three_fifth '><span class='hr-inner '><span class=\"hr-inner-style\"><\/span><\/span><\/div>\n\n<style type=\"text\/css\" data-created_by=\"avia_inline_auto\" id=\"style-css-av-av_three_fifth-9497bbf8bff73ea4c6992cc17fa9ec36\">\n.flex_column.av-av_three_fifth-9497bbf8bff73ea4c6992cc17fa9ec36{\nborder-radius:0px 0px 0px 0px;\npadding:0px 0px 0px 0px;\n}\n<\/style>\n<div  class='flex_column av-av_three_fifth-9497bbf8bff73ea4c6992cc17fa9ec36 av_three_fifth  avia-builder-el-6  el_after_av_hr  el_before_av_two_fifth  first flex_column_div av-zero-column-padding  '     ><p>\n<style type=\"text\/css\" data-created_by=\"avia_inline_auto\" id=\"style-css-av-av_hr-53c1000ea565b3dbb14e7362db220c91\">\n#top .hr.hr-invisible.av-av_hr-53c1000ea565b3dbb14e7362db220c91{\nheight:455px;\n}\n<\/style>\n<div  class='hr av-av_hr-53c1000ea565b3dbb14e7362db220c91 hr-invisible  avia-builder-el-7  el_before_av_image  avia-builder-el-first '><span class='hr-inner '><span class=\"hr-inner-style\"><\/span><\/span><\/div><br \/>\n\n<style type=\"text\/css\" data-created_by=\"avia_inline_auto\" id=\"style-css-av-av_image-60c50f2827247c4597a7c9f51187ae4d\">\n.avia-image-container.av-av_image-60c50f2827247c4597a7c9f51187ae4d img.avia_image{\nbox-shadow:none;\n}\n.avia-image-container.av-av_image-60c50f2827247c4597a7c9f51187ae4d .av-image-caption-overlay-center{\ncolor:#ffffff;\n}\n<\/style>\n<div  class='avia-image-container av-av_image-60c50f2827247c4597a7c9f51187ae4d av-styling- avia-align-center  avia-builder-el-8  el_after_av_hr  avia-builder-el-last '   itemprop=\"image\" itemscope=\"itemscope\" itemtype=\"https:\/\/schema.org\/ImageObject\" ><div class=\"avia-image-container-inner\"><div class=\"avia-image-overlay-wrap\"><img decoding=\"async\" fetchpriority=\"high\" class='wp-image-2264 avia-img-lazy-loading-not-2264 avia_image ' src=\"https:\/\/i0.wp.com\/zaffaretco.fr\/wp-content\/uploads\/2016\/03\/ZAFFAR-CO-la-qualit%C3%A9....png?fit=2460%2C264&ssl=1\" alt='' title='ZAFFAR &amp; CO- la qualit\u00e9...'  height=\"264\" width=\"2460\"  itemprop=\"thumbnailUrl\"  \/><\/div><\/div><\/div><\/p><\/div>\n\n<style type=\"text\/css\" data-created_by=\"avia_inline_auto\" id=\"style-css-av-av_two_fifth-9c1d454dc06f7247226bc4e8f931daae\">\n.flex_column.av-av_two_fifth-9c1d454dc06f7247226bc4e8f931daae{\nborder-radius:0px 0px 0px 0px;\npadding:0px 0px 0px 0px;\n}\n<\/style>\n<div  class='flex_column av-av_two_fifth-9c1d454dc06f7247226bc4e8f931daae av_two_fifth  avia-builder-el-9  el_after_av_three_fifth  avia-builder-el-last  flex_column_div av-zero-column-padding  '     ><p><div  class='hr av-av_hr-dcd2069817a0e3d34ae04cad8f3443c7 hr-default  avia-builder-el-10  el_before_av_textblock  avia-builder-el-first '><span class='hr-inner '><span class=\"hr-inner-style\"><\/span><\/span><\/div><br \/>\n<section  class='av_textblock_section av-av_textblock-0366cc7376be6c9e82a3e9cc8987b64f '   itemscope=\"itemscope\" itemtype=\"https:\/\/schema.org\/CreativeWork\" ><div class='avia_textblock'  itemprop=\"text\" ><p style=\"text-align: right;\">Besoin de pr\u00e9cisions ?<\/p>\n<\/div><\/section><br \/>\n\n<style type=\"text\/css\" data-created_by=\"avia_inline_auto\" id=\"style-css-av-av_headline_rotator-af740e32da2ce53f7b7b26de52bbab37\">\n#top .av-rotator-container.av-av_headline_rotator-af740e32da2ce53f7b7b26de52bbab37{\ntext-align:right;\n}\n#top #wrap_all .av-rotator-container.av-av_headline_rotator-af740e32da2ce53f7b7b26de52bbab37 .av-rotator-container-inner{\nfont-size:15px;\n}\n<\/style>\n\n<style type=\"text\/css\" data-created_by=\"avia_inline_auto\" id=\"style-css-sub-av-av_headline_rotator-af740e32da2ce53f7b7b26de52bbab37\">\n#top .av-rotator-container .av-rotator-text-single.av-av_rotator_item-95f44b681e0099714524e6963a376d9b{\ncolor:#7bb0e7;\n}\n#top .av-rotator-container .av-rotator-text-single.av-av_rotator_item-a81a6809eeb6f80c7b0f480571455e15{\ncolor:#7bb0e7;\n}\n#top .av-rotator-container .av-rotator-text-single.av-av_rotator_item-4de3ce1c17a14f4313c22e95e3c03057{\ncolor:#7bb0e7;\n}\n<\/style>\n<div  class='av-rotator-container av-rotation-container-right av-av_headline_rotator-af740e32da2ce53f7b7b26de52bbab37  avia-builder-el-12  el_after_av_textblock  el_before_av_hr ' data-interval='4' data-animation='1'><p class='av-rotator-container-inner'><span class='av-rotator-text av-rotator-multiline-off'>\n<span class='av-rotator-text-single av-av_rotator_item-95f44b681e0099714524e6963a376d9b av-rotator-text-single-1' >DEMANDE DE RENSEIGNEMENTS, CONSEILS OU DEVIS<\/span>\n<span class='av-rotator-text-single av-av_rotator_item-a81a6809eeb6f80c7b0f480571455e15 av-rotator-text-single-2' >N\u2019h\u00e9sitez pas \u00e0 nous contacter pour prendre rendez-vous<\/span>\n<span class='av-rotator-text-single av-av_rotator_item-4de3ce1c17a14f4313c22e95e3c03057 av-rotator-text-single-3' >Nous nous d\u00e9pla\u00e7ons pour vous sur toute l\u2019Ile de la R\u00e9union.<\/span>\n<\/span><\/p><\/div><br \/>\n\n<style type=\"text\/css\" data-created_by=\"avia_inline_auto\" id=\"style-css-av-av_hr-c87c76dc2fa52bfea5e544e7da885615\">\n#top .hr.av-av_hr-c87c76dc2fa52bfea5e544e7da885615{\nmargin-top:10px;\nmargin-bottom:10px;\n}\n.hr.av-av_hr-c87c76dc2fa52bfea5e544e7da885615 .hr-inner{\nwidth:10px;\nborder-color:#ffffff;\n}\n<\/style>\n<div  class='hr av-av_hr-c87c76dc2fa52bfea5e544e7da885615 hr-custom  avia-builder-el-13  el_after_av_headline_rotator  el_before_av_button  hr-center hr-icon-no'><span class='hr-inner inner-border-av-border-thin'><span class=\"hr-inner-style\"><\/span><\/span><\/div><br \/>\n<div  class='avia-button-wrap av-av_button-b292f29be264ba4517b83557babba4de-wrap avia-button-right  avia-builder-el-14  el_after_av_hr  el_before_av_textblock '><a href='https:\/\/zaffaretco.fr\/index.php\/2016\/03\/24\/contact\/'  class='avia-button av-av_button-b292f29be264ba4517b83557babba4de av-link-btn avia-icon_select-yes-left-icon avia-size-x-large avia-position-right avia-color-theme-color'   aria-label=\"Devis 0692 58 42 65\"><span class='avia_button_icon avia_button_icon_left avia-iconfont avia-font-entypo-fontello' data-av_icon='\ue854' data-av_iconfont='entypo-fontello' ><\/span><span class='avia_iconbox_title' >Devis 0692 58 42 65<\/span><\/a><\/div><br \/>\n<section  class='av_textblock_section av-av_textblock-0366cc7376be6c9e82a3e9cc8987b64f '   itemscope=\"itemscope\" itemtype=\"https:\/\/schema.org\/CreativeWork\" ><div class='avia_textblock'  itemprop=\"text\" ><\/div><\/section><br \/>\n<div  class='avia-button-wrap av-av_button-aa913d7333ccb6ca320da3cb9c251dc3-wrap avia-button-right  avia-builder-el-16  el_after_av_textblock  el_before_av_hr '><a href='https:\/\/zaffaretco.fr\/index.php\/2016\/03\/24\/mail\/'  class='avia-button av-av_button-aa913d7333ccb6ca320da3cb9c251dc3 av-link-btn avia-icon_select-yes-left-icon avia-size-x-large avia-position-right avia-color-theme-color'   aria-label=\" Poser une Question \"><span class='avia_button_icon avia_button_icon_left avia-iconfont avia-font-entypo-fontello' data-av_icon='\ue805' data-av_iconfont='entypo-fontello' ><\/span><span class='avia_iconbox_title' > Poser une Question <\/span><\/a><\/div><br \/>\n<div  class='hr av-av_hr-dcd2069817a0e3d34ae04cad8f3443c7 hr-default  avia-builder-el-17  el_after_av_button  el_before_av_textblock '><span class='hr-inner '><span class=\"hr-inner-style\"><\/span><\/span><\/div><br \/>\n\n<style type=\"text\/css\" data-created_by=\"avia_inline_auto\" id=\"style-css-av-av_textblock-6c4e1785a8f9bdc54e3d7bcb70f1c1bc\">\n#top .av_textblock_section.av-av_textblock-6c4e1785a8f9bdc54e3d7bcb70f1c1bc .avia_textblock{\nfont-size:10px;\n}\n<\/style>\n<section  class='av_textblock_section av-av_textblock-6c4e1785a8f9bdc54e3d7bcb70f1c1bc '   itemscope=\"itemscope\" itemtype=\"https:\/\/schema.org\/CreativeWork\" ><div class='avia_textblock'  itemprop=\"text\" ><p style=\"text-align: right;\">Zaffar &amp; Co 17 bis rue de Hano\u00ef, ZAC Balthazar, 97419 La Possession<\/p>\n<p style=\"text-align: right;\">Tel : \u00a002 62 44 80 88 &#8211; Fax : 02 62 71 83 35 \u00a0SAV : 02 62 13 79 09<\/p>\n<\/div><\/section><br \/>\n<div  class='hr av-av_hr-dcd2069817a0e3d34ae04cad8f3443c7 hr-default  avia-builder-el-19  el_after_av_textblock  avia-builder-el-last '><span class='hr-inner '><span class=\"hr-inner-style\"><\/span><\/span><\/div><\/p><\/div>\n","protected":false},"excerpt":{"rendered":"","protected":false},"author":1,"featured_media":0,"parent":0,"menu_order":0,"comment_status":"closed","ping_status":"closed","template":"","meta":{"_acf_changed":false,"jetpack_post_was_ever_published":false,"footnotes":""},"class_list":["post-2153","page","type-page","status-publish","hentry"],"acf":[],"jetpack_sharing_enabled":true,"jetpack_shortlink":"https:\/\/wp.me\/P972yk-yJ","_links":{"self":[{"href":"https:\/\/zaffaretco.fr\/index.php\/wp-json\/wp\/v2\/pages\/2153","targetHints":{"allow":["GET"]}}],"collection":[{"href":"https:\/\/zaffaretco.fr\/index.php\/wp-json\/wp\/v2\/pages"}],"about":[{"href":"https:\/\/zaffaretco.fr\/index.php\/wp-json\/wp\/v2\/types\/page"}],"author":[{"embeddable":true,"href":"https:\/\/zaffaretco.fr\/index.php\/wp-json\/wp\/v2\/users\/1"}],"replies":[{"embeddable":true,"href":"https:\/\/zaffaretco.fr\/index.php\/wp-json\/wp\/v2\/comments?post=2153"}],"version-history":[{"count":0,"href":"https:\/\/zaffaretco.fr\/index.php\/wp-json\/wp\/v2\/pages\/2153\/revisions"}],"wp:attachment":[{"href":"https:\/\/zaffaretco.fr\/index.php\/wp-json\/wp\/v2\/media?parent=2153"}],"curies":[{"name":"wp","href":"https:\/\/api.w.org\/{rel}","templated":true}]}}